{"id":3250,"date":"2017-03-13T15:22:15","date_gmt":"2017-03-13T13:22:15","guid":{"rendered":"http:\/\/www.ayhansteel.com\/about-us\/"},"modified":"2017-08-22T12:02:35","modified_gmt":"2017-08-22T09:02:35","slug":"about-us","status":"publish","type":"page","link":"https:\/\/www.ayhansteel.com\/en\/about-us\/","title":{"rendered":"ABOUT US"},"content":{"rendered":"<div  class=\"content_row row vc_row wpb_row  default-style fullwidth\" >\n\t\n\t<div class=\"content_row_wrapper  default\" style=\"padding-top:50px;padding-bottom:90px;\">\n\t<div class=\"vc_col-sm-12 wpb_column vc_column_container\">\n\t\t<div class=\"wpb_wrapper\">\n\t\t\t<div class=\"rt_heading_wrapper style-4\">\n\t\t\t\t\t\t<h1 class=\"rt_heading  style-4\"  style=\"margin-top:50px;\">AYHAN \u00c7EL\u0130K A.\u015e.<\/h1>\n\t\t\t\t\t<\/div>\n\t\t<\/div>\n\t<\/div>\n\n<\/div>\n<\/div>\n\n<div  class=\"content_row row vc_row wpb_row  default-style fullwidth border-bottom\" >\n\t\n\t<div class=\"content_row_wrapper  default\" >\n\t<div class=\"vc_col-sm-12 wpb_column vc_column_container\">\n\t\t<div class=\"wpb_wrapper\">\n\t\t\t\n\t<div class=\"wpb_text_column wpb_content_element\" >\n\t\t<div class=\"wpb_wrapper\">\n\t\t\t<p>Our company, which has been serving in Iron and Steel sector since 1980, has become one of the leading companies of the sector by continuing its progress with self-confident steps every day with its experience, quality and professional staff.<\/p>\n<p>Nowadays, in the developing steel industry where costs are important, we are bringing reasonable price with quality and serving to our customers. The tool steel in our product range is presented to our valued customers in good quality and fast under all guarantee conditions that the manufacturer company has provided us.<\/p>\n<p>Our company has documented its quality with the breakthroughs it made in 2006 (ISO 9001-2008) and took great steps towards institutionalization, keeping customer satisfaction at the highest level and adopting strong staff, fast and high quality service.<\/p>\n<p>Our firm, which operates with the loaded stock volume, has succeeded to be a leading supplier company with its serial diameters, standard laminates and large-sized billets in its stocks. We provide service to all our employees in order to present the quality to our customers at the shortest possible time with every band saw in our world, to maintain current customer satisfaction and to be able to get up even more day by day. Every piece cut is prepared by the authorized operator for both the weight and the size and we are ready to ship.<br \/>\nThe metallurgical engineers in our company follow the heat treatment service we offer and the materials we sell to our customers are subjected to heat treatment in vacuum, atmosphere controlled or fluidized bed furnaces by selecting the correct heat treatment process according to the place of use and working style.<\/p>\n<p>Our company has been the leader company in the sector with renewing itself and increasing investments every day by keeping the customer satisfaction constantly on the front panel.<\/p>\n\n\t\t<\/div>\n\t<\/div>\n\n\t\t<\/div>\n\t<\/div>\n\n<\/div>\n<\/div>\n\n<div  class=\"content_row row vc_row wpb_row  default-style fullwidth border-top border-bottom\" >\n\t\n\t<div class=\"content_row_wrapper  default\" style=\"padding-top:60px;padding-bottom:60px;\">\n\t<div class=\"vc_col-sm-12 wpb_column vc_column_container\">\n\t\t<div class=\"wpb_wrapper\">\n\t\t\t<div class=\"rt_heading_wrapper style-4\">\n\t\t\t\t\t\t<h2 class=\"rt_heading  style-4\" >MILESTONES<\/h2>\n\t\t\t\t\t<\/div>\t \n\t\t<section  class=\"timeline  \">\n\t\t\t \n\t\t<div  >\n\t\t\t \n\t\t<span class=\"event-date\">\n\t\t\t<span class=\"day\"><\/span>\n\t\t\t<span class=\"month\"><\/span>\n\t\t\t<span class=\"year\">1980<\/span>\n\t\t<\/span>\n\t<div class=\"event-details\"><h4 class=\"event-title\"> ESTABLISHMENT<\/h4><p>Our company was established in the name of Ayhan Metal and started commercial life with sales of sheet metal in Karak\u00f6y (Per\u015fembe Pazar\u0131)<\/p>\n<\/div>\n\t\t<\/div>\n\t\t \n\t\t<div  >\n\t\t\t \n\t\t<span class=\"event-date\">\n\t\t\t<span class=\"day\"><\/span>\n\t\t\t<span class=\"month\"><\/span>\n\t\t\t<span class=\"year\">1992<\/span>\n\t\t<\/span>\n\t<div class=\"event-details\"><h4 class=\"event-title\">MOVE TO NEW PLACE<\/h4><p>We moved own place from Karak\u00f6y to Top\u00e7ular (Rami)<\/p>\n<\/div>\n\t\t<\/div>\n\t\t \n\t\t<div  >\n\t\t\t \n\t\t<span class=\"event-date\">\n\t\t\t<span class=\"day\"><\/span>\n\t\t\t<span class=\"month\"><\/span>\n\t\t\t<span class=\"year\">2002<\/span>\n\t\t<\/span>\n\t<div class=\"event-details\"><h4 class=\"event-title\">MOVE TO NEW PLACE<\/h4><p>We moved own place from Top\u00e7ular (Rami) to Ikitelli. This place is still in operation as Head office.<\/p>\n<\/div>\n\t\t<\/div>\n\t\t \n\t\t<div  >\n\t\t\t \n\t\t<span class=\"event-date\">\n\t\t\t<span class=\"day\"><\/span>\n\t\t\t<span class=\"month\"><\/span>\n\t\t\t<span class=\"year\">2003<\/span>\n\t\t<\/span>\n\t<div class=\"event-details\"><h4 class=\"event-title\"> NAME CHANGE<\/h4><p>The title of our company has changed to Ayhan Demir \u00c7elik Ltd. Sti.<\/p>\n<\/div>\n\t\t<\/div>\n\t\t \n\t\t<div  >\n\t\t\t \n\t\t<span class=\"event-date\">\n\t\t\t<span class=\"day\"><\/span>\n\t\t\t<span class=\"month\"><\/span>\n\t\t\t<span class=\"year\">2003<\/span>\n\t\t<\/span>\n\t<div class=\"event-details\"><h4 class=\"event-title\"> STARTING IMPORTS<\/h4><p>Our company started to import Tool Steel.<\/p>\n<\/div>\n\t\t<\/div>\n\t\t \n\t\t<div  >\n\t\t\t \n\t\t<span class=\"event-date\">\n\t\t\t<span class=\"day\"><\/span>\n\t\t\t<span class=\"month\"><\/span>\n\t\t\t<span class=\"year\">2006<\/span>\n\t\t<\/span>\n\t<div class=\"event-details\"><h4 class=\"event-title\">QUALITY CERTIFICATE<\/h4><p>ISO 9001 Quality Management System Certificate Received.<\/p>\n<\/div>\n\t\t<\/div>\n\t\t \n\t\t<div  >\n\t\t\t \n\t\t<span class=\"event-date\">\n\t\t\t<span class=\"day\"><\/span>\n\t\t\t<span class=\"month\"><\/span>\n\t\t\t<span class=\"year\">2008<\/span>\n\t\t<\/span>\n\t<div class=\"event-details\"><h4 class=\"event-title\"> DISTRIBUTORSHIP AGREEMENT<\/h4><p>Distributorship Agreement signed with Italian Lucchini RS Company.<\/p>\n<\/div>\n\t\t<\/div>\n\t\t \n\t\t<div  >\n\t\t\t \n\t\t<span class=\"event-date\">\n\t\t\t<span class=\"day\"><\/span>\n\t\t\t<span class=\"month\"><\/span>\n\t\t\t<span class=\"year\">2009<\/span>\n\t\t<\/span>\n\t<div class=\"event-details\"><h4 class=\"event-title\">STARTING EXPORT<\/h4><p>Our company started to export in the tool steel.<\/p>\n<\/div>\n\t\t<\/div>\n\t\t \n\t\t<div  >\n\t\t\t \n\t\t<span class=\"event-date\">\n\t\t\t<span class=\"day\"><\/span>\n\t\t\t<span class=\"month\"><\/span>\n\t\t\t<span class=\"year\">2011<\/span>\n\t\t<\/span>\n\t<div class=\"event-details\"><h4 class=\"event-title\">BRANCH OPENING<\/h4><p>Our branch started to operate in Istanbul Anatolian Side &#8211; Umraniye (DES Industrial Area)<\/p>\n<\/div>\n\t\t<\/div>\n\t\t \n\t\t<div  >\n\t\t\t \n\t\t<span class=\"event-date\">\n\t\t\t<span class=\"day\"><\/span>\n\t\t\t<span class=\"month\"><\/span>\n\t\t\t<span class=\"year\">2012<\/span>\n\t\t<\/span>\n\t<div class=\"event-details\"><h4 class=\"event-title\">BRANCH MOVE TO NEW PLACE<\/h4><p>We moved own place from Umraniye to Gebze (Guzeller OSB)<\/p>\n<\/div>\n\t\t<\/div>\n\t\t \n\t\t<div  >\n\t\t\t \n\t\t<span class=\"event-date\">\n\t\t\t<span class=\"day\"><\/span>\n\t\t\t<span class=\"month\"><\/span>\n\t\t\t<span class=\"year\">2017<\/span>\n\t\t<\/span>\n\t<div class=\"event-details\"><h4 class=\"event-title\">NAME CHANGE<\/h4><p>The title of our company has changed to Ayhan Takim Celik A.S.<\/p>\n<\/div>\n\t\t<\/div>\n\t\t \n\t\t<div  >\n\t\t\t \n\t\t<span class=\"event-date\">\n\t\t\t<span class=\"day\"><\/span>\n\t\t\t<span class=\"month\"><\/span>\n\t\t\t<span class=\"year\">2017<\/span>\n\t\t<\/span>\n\t<div class=\"event-details\"><h4 class=\"event-title\">QUALITY CERTIFICATE<\/h4><p class=\"yiv1740360707MsoNormal\">TS EN ISO 27001:2013 Information Security<\/p>\n<p class=\"yiv1740360707MsoNormal\">Management System Certificate\u00a0Received<\/p>\n<\/div>\n\t\t<\/div>\n\t\n\t\t<\/section>\n\t\n\t\t<\/div>\n\t<\/div>\n\n<\/div>\n<\/div>\n","protected":false},"excerpt":{"rendered":"AYHAN \u00c7EL\u0130K A.\u015e. Our company, which has been serving in Iron and Steel sector since 1980, has become one of the leading companies of the sector by continuing its progress with self-confident steps every day with its experience, quality and professional staff. Nowadays, in the developing steel industry where costs are important, we are bringing [...]","protected":false},"author":1,"featured_media":0,"parent":0,"menu_order":0,"comment_status":"open","ping_status":"open","template":"","meta":{"footnotes":""},"class_list":["post-3250","page","type-page","status-publish","hentry"],"_links":{"self":[{"href":"https:\/\/www.ayhansteel.com\/en\/wp-json\/wp\/v2\/pages\/3250","targetHints":{"allow":["GET"]}}],"collection":[{"href":"https:\/\/www.ayhansteel.com\/en\/wp-json\/wp\/v2\/pages"}],"about":[{"href":"https:\/\/www.ayhansteel.com\/en\/wp-json\/wp\/v2\/types\/page"}],"author":[{"embeddable":true,"href":"https:\/\/www.ayhansteel.com\/en\/wp-json\/wp\/v2\/users\/1"}],"replies":[{"embeddable":true,"href":"https:\/\/www.ayhansteel.com\/en\/wp-json\/wp\/v2\/comments?post=3250"}],"version-history":[{"count":5,"href":"https:\/\/www.ayhansteel.com\/en\/wp-json\/wp\/v2\/pages\/3250\/revisions"}],"predecessor-version":[{"id":3361,"href":"https:\/\/www.ayhansteel.com\/en\/wp-json\/wp\/v2\/pages\/3250\/revisions\/3361"}],"wp:attachment":[{"href":"https:\/\/www.ayhansteel.com\/en\/wp-json\/wp\/v2\/media?parent=3250"}],"curies":[{"name":"wp","href":"https:\/\/api.w.org\/{rel}","templated":true}]}}