{"id":3243,"date":"2017-03-13T15:08:51","date_gmt":"2017-03-13T13:08:51","guid":{"rendered":"http:\/\/www.ayhansteel.com\/contact\/"},"modified":"2024-04-15T13:19:22","modified_gmt":"2024-04-15T10:19:22","slug":"contact","status":"publish","type":"page","link":"https:\/\/www.ayhansteel.com\/en\/contact\/","title":{"rendered":"CONTACT"},"content":{"rendered":"<div  class=\"content_row row vc_row wpb_row  default-style default border_grid fixed_heights overlap\" >\n\t\n\t<div class=\"content_row_wrapper  \" style=\"padding-top:150px;\"><div class=\"vc_col-sm-6 wpb_column vc_column_container\">\n\t\t<div class=\"wpb_wrapper\">\n\t\t\t<div class=\"rt_heading_wrapper style-6\">\n\t\t\t\t\t\t<h5 class=\"rt_heading  style-6\" >HEAD OFFICE<\/h5>\n\t\t\t\t\t<\/div>\t \n\t\t<div  class=\"with_icons style-3 \">\n\t\t\t \n\t\t<div  >\n\t\t<span class=\"icon-address icon\"><\/span><div class=\"list-content\"><p>\u0130kitelli OSB Metal \u0130\u015f Sanayi Sitesi<br \/>\n17. Blok No:1<br \/>\n34490 Ba\u015fak\u015fehir \/ \u0130STANBUL<\/p>\n<\/div>\n\t\t<\/div>\n\t\t \n\t\t<div  >\n\t\t<span class=\"icon-phone icon\"><\/span><div class=\"list-content\"><p>+(90) 212 549 13 55(pbx) <\/p>\n<\/div>\n\t\t<\/div>\n\t\t \n\t\t<div  >\n\t\t<span class=\"icon-print-1 icon\"><\/span><div class=\"list-content\"><p>+(90) 212 671 30 15<\/p>\n<\/div>\n\t\t<\/div>\n\t\t \n\t\t<div  >\n\t\t<span class=\"icon-mail-1 icon\"><\/span><div class=\"list-content\"><p>info@ayhansteel.com<\/p>\n<\/div>\n\t\t<\/div>\n\t\t \n\t\t<div  >\n\t\t<span class=\"icon-map icon\"><\/span><div class=\"list-content\"><p><a href=\"https:\/\/www.google.com\/maps\/dir\/?api=1&amp;origin=&amp;destination=41.06983709572491, 28.801605196541328&amp;travelmode=driving\" target=\"_blank\" rel=\"noopener noreferrer\"><br \/>\nGO TO ADDRESS<\/a><\/p>\n<\/div>\n\t\t<\/div>\n\t\n\t\t<\/div>\n\t\n\t\t<\/div>\n\t<\/div>\n\n\t<div class=\"vc_col-sm-6 wpb_column vc_column_container\">\n\t\t<div class=\"wpb_wrapper\">\n\t\t\t<div class=\"rt_heading_wrapper style-6\">\n\t\t\t\t\t\t<h5 class=\"rt_heading  style-6\" >HADIMK\u00d6Y OFFICE<\/h5>\n\t\t\t\t\t<\/div>\t \n\t\t<div  class=\"with_icons style-3 \">\n\t\t\t \n\t\t<div  >\n\t\t<span class=\"icon-address icon\"><\/span><div class=\"list-content\"><p>Marmara Geri D\u00f6n\u00fc\u015f\u00fcmc\u00fcler Sanayi Sitesi<br \/>\n\u015eekerp\u0131nar Mah. Ay\u00e7i\u00e7ek Sok. No:22 41400<br \/>\n\u00c7ay\u0131rova \/ Kocaeli<\/p>\n<\/div>\n\t\t<\/div>\n\t\t \n\t\t<div  >\n\t\t<span class=\"icon-phone icon\"><\/span><div class=\"list-content\"><p>+(90) 212 549 13 55<\/p>\n<\/div>\n\t\t<\/div>\n\t\t \n\t\t<div  >\n\t\t<span class=\"icon-mobile icon\"><\/span><div class=\"list-content\"><p>+(90) 212<\/p>\n<\/div>\n\t\t<\/div>\n\t\t \n\t\t<div  >\n\t\t<span class=\"icon-mail-1 icon\"><\/span><div class=\"list-content\"><p>info@ayhansteel.com<\/p>\n<\/div>\n\t\t<\/div>\n\t\t \n\t\t<div  >\n\t\t<span class=\"icon-map icon\"><\/span><div class=\"list-content\"><p><a href=\"https:\/\/www.google.com\/maps\/place\/41.11903622355197, 28.62828771360595\" target=\"_blank\" rel=\"noopener noreferrer\"><br \/>\nGO TO ADDRESS<\/a><\/p>\n<\/div>\n\t\t<\/div>\n\t\n\t\t<\/div>\n\t\n\t\t<\/div>\n\t<\/div>\n<\/div>\n<\/div>\n\n<div  class=\"content_row row vc_row wpb_row  default-style default border_grid fixed_heights overlap\" >\n\t\n\t<div class=\"content_row_wrapper  \" style=\"padding-top:150px;\"><div class=\"vc_col-sm-6 wpb_column vc_column_container\">\n\t\t<div class=\"wpb_wrapper\">\n\t\t\t<div class=\"rt_heading_wrapper style-6\">\n\t\t\t\t\t\t<h5 class=\"rt_heading  style-6\" >GEBZE OFFICE<\/h5>\n\t\t\t\t\t<\/div>\t \n\t\t<div  class=\"with_icons style-3 \">\n\t\t\t \n\t\t<div  >\n\t\t<span class=\"icon-address icon\"><\/span><div class=\"list-content\"><p>Marmara Geri D\u00f6n\u00fc\u015f\u00fcmc\u00fcler Sanayi Sitesi<br \/>\n\u015eekerp\u0131nar Mah. Ay\u00e7i\u00e7ek Sok. No:22 41400<br \/>\n\u00c7ay\u0131rova \/ Kocaeli<\/p>\n<\/div>\n\t\t<\/div>\n\t\t \n\t\t<div  >\n\t\t<span class=\"icon-phone icon\"><\/span><div class=\"list-content\"><p>+(90) 262 751 47 30 (pbx)<\/p>\n<\/div>\n\t\t<\/div>\n\t\t \n\t\t<div  >\n\t\t<span class=\"icon-mobile icon\"><\/span><div class=\"list-content\"><p>+(90) 262 751 47 34<\/p>\n<\/div>\n\t\t<\/div>\n\t\t \n\t\t<div  >\n\t\t<span class=\"icon-mail-1 icon\"><\/span><div class=\"list-content\"><p>gebze@ayhansteel.com<\/p>\n<\/div>\n\t\t<\/div>\n\t\t \n\t\t<div  >\n\t\t<span class=\"icon-map icon\"><\/span><div class=\"list-content\"><p><a href=\"https:\/\/www.google.com\/maps\/place\/40.846929,29.393954\" target=\"_blank\" rel=\"noopener noreferrer\"><br \/>\nGO TO ADDRESS<\/a><\/p>\n<\/div>\n\t\t<\/div>\n\t\n\t\t<\/div>\n\t\n\t\t<\/div>\n\t<\/div>\n\n\t<div class=\"vc_col-sm-6 wpb_column vc_column_container\">\n\t\t<div class=\"wpb_wrapper\">\n\t\t\t<div class=\"rt_heading_wrapper style-6\">\n\t\t\t\t\t\t<h5 class=\"rt_heading  style-6\" >KONYA OFFICE<\/h5>\n\t\t\t\t\t<\/div>\t \n\t\t<div  class=\"with_icons style-3 \">\n\t\t\t \n\t\t<div  >\n\t\t<span class=\"icon-address icon\"><\/span><div class=\"list-content\"><p>Fevzi \u00c7akmak Mah. S\u0131la Cad.<br \/>\nKobisan 3 Sanayi Sitesi No:73 V<br \/>\nKaratay \/ Konya<\/p>\n<\/div>\n\t\t<\/div>\n\t\t \n\t\t<div  >\n\t\t<span class=\"icon-phone icon\"><\/span><div class=\"list-content\"><p>+(90) 332 501 81 00 (pbx)<\/p>\n<\/div>\n\t\t<\/div>\n\t\t \n\t\t<div  >\n\t\t<span class=\"icon-phone icon\"><\/span><div class=\"list-content\"><p>+(90) 332 501 81 01<\/p>\n<\/div>\n\t\t<\/div>\n\t\t \n\t\t<div  >\n\t\t<span class=\"icon-mail-1 icon\"><\/span><div class=\"list-content\"><p>konya@ayhansteel.com<\/p>\n<\/div>\n\t\t<\/div>\n\t\t \n\t\t<div  >\n\t\t<span class=\"icon-map icon\"><\/span><div class=\"list-content\"><p><a href=\"https:\/\/www.google.com\/maps\/dir\/?api=1&amp;origin=&amp;destination=37.942963, 32.556049&amp;travelmode=driving\" target=\"_blank\" rel=\"noopener noreferrer\">GO TO ADDRESS<\/a><\/p>\n<\/div>\n\t\t<\/div>\n\t\n\t\t<\/div>\n\t\n\t\t<\/div>\n\t<\/div>\n<\/div>\n<\/div>\n","protected":false},"excerpt":{"rendered":"HEAD OFFICE \u0130kitelli OSB Metal \u0130\u015f Sanayi Sitesi 17. Blok No:1 34490 Ba\u015fak\u015fehir \/ \u0130STANBUL +(90) 212 549 13 55(pbx) +(90) 212 671 30 15 info@ayhansteel.com GO TO ADDRESS HADIMK\u00d6Y OFFICE Marmara Geri D\u00f6n\u00fc\u015f\u00fcmc\u00fcler Sanayi Sitesi \u015eekerp\u0131nar Mah. Ay\u00e7i\u00e7ek Sok. No:22 41400 \u00c7ay\u0131rova \/ Kocaeli +(90) 212 549 13 55 +(90) 212 info@ayhansteel.com GO TO [...]","protected":false},"author":1,"featured_media":0,"parent":0,"menu_order":0,"comment_status":"closed","ping_status":"closed","template":"","meta":{"footnotes":""},"class_list":["post-3243","page","type-page","status-publish","hentry"],"_links":{"self":[{"href":"https:\/\/www.ayhansteel.com\/en\/wp-json\/wp\/v2\/pages\/3243","targetHints":{"allow":["GET"]}}],"collection":[{"href":"https:\/\/www.ayhansteel.com\/en\/wp-json\/wp\/v2\/pages"}],"about":[{"href":"https:\/\/www.ayhansteel.com\/en\/wp-json\/wp\/v2\/types\/page"}],"author":[{"embeddable":true,"href":"https:\/\/www.ayhansteel.com\/en\/wp-json\/wp\/v2\/users\/1"}],"replies":[{"embeddable":true,"href":"https:\/\/www.ayhansteel.com\/en\/wp-json\/wp\/v2\/comments?post=3243"}],"version-history":[{"count":16,"href":"https:\/\/www.ayhansteel.com\/en\/wp-json\/wp\/v2\/pages\/3243\/revisions"}],"predecessor-version":[{"id":3777,"href":"https:\/\/www.ayhansteel.com\/en\/wp-json\/wp\/v2\/pages\/3243\/revisions\/3777"}],"wp:attachment":[{"href":"https:\/\/www.ayhansteel.com\/en\/wp-json\/wp\/v2\/media?parent=3243"}],"curies":[{"name":"wp","href":"https:\/\/api.w.org\/{rel}","templated":true}]}}