{"id":3232,"date":"2017-03-13T14:45:16","date_gmt":"2017-03-13T12:45:16","guid":{"rendered":"http:\/\/www.ayhansteel.com\/home-page\/"},"modified":"2017-05-04T13:53:07","modified_gmt":"2017-05-04T10:53:07","slug":"home-page","status":"publish","type":"page","link":"https:\/\/www.ayhansteel.com\/en\/","title":{"rendered":"HOME PAGE"},"content":{"rendered":"<div  class=\"content_row row vc_row wpb_row  default-style fullwidth\" >\n\t\n\t<div class=\"content_row_wrapper  nopadding default\" >\n\t<div class=\"vc_col-sm-12 wpb_column vc_column_container\">\n\t\t<div class=\"wpb_wrapper\">\n\t\t\t<div id=\"content-slider-191502\" style=\"min-height:500px;\" class=\"rt-carousel main-carousel carousel-holder clearfix\" data-item-width=\"1\" data-nav=\"true\" data-dots=\"true\" data-parallax=\"true\" data-timeout=\"12000\" data-autoplay=\"true\">\n<div class=\"owl-carousel\">\n\n\t\t<div class=\"item  alt-style-2 slide-background\" style=\"background-image: url(https:\/\/www.ayhansteel.com\/wp-content\/uploads\/2015\/02\/ayhan-celik-lrs.jpg);background-repeat: no-repeat;background-size: cover;background-position: left top;min-height: 500px;\">\n\t\t\t\n\t\t\t<div class=\"slide-content-wrapper default clearfix\">\n\t\t\t\t<div class=\"slide-content animation  right\" style=\"width: 50%;background-color: rgba(18,21,109,0.2);margin-top: 220px;\">\t\t\t\t\t\n\t\t\t\t\t<h2 style=\"text-align: right;\">AYHAN \u00c7EL\u0130K A.\u015e.<\/h2>\n<h2 style=\"text-align: right;\">Powerful Stuff, Quick Service<\/h2>\n\n\t\t\t\t<\/div>\n\t\t\t<\/div>\n\t\t<\/div>\n\t\t<div class=\"item  alt-style-2 slide-background\" style=\"background-image: url(https:\/\/www.ayhansteel.com\/wp-content\/uploads\/2015\/02\/ayhan-celik-lrs-celik-3.jpg);background-repeat: no-repeat;background-size: cover;background-position: left top;min-height: 500px;\">\n\t\t\t\n\t\t\t<div class=\"slide-content-wrapper default clearfix\">\n\t\t\t\t<div class=\"slide-content animation  right\" style=\"width: 50%;background-color: rgba(0,0,0,0.2);margin-top: 180px;\">\t\t\t\t\t\n\t\t\t\t\t<h2 style=\"text-align: right;\">AYHAN \u00c7EL\u0130K A.\u015e.<\/h2>\n<h2 style=\"text-align: right;\">Powerful Stuff, Quick Service<\/h2>\n\n\t\t\t\t<\/div>\n\t\t\t<\/div>\n\t\t<\/div>\n\t\t<div class=\"item  alt-style-2 slide-background\" style=\"background-image: url(https:\/\/www.ayhansteel.com\/wp-content\/uploads\/2015\/02\/ayhan-celik-lrs-dovme.jpg);background-repeat: no-repeat;background-size: cover;background-position: left top;min-height: 500px;\">\n\t\t\t\n\t\t\t<div class=\"slide-content-wrapper default clearfix\">\n\t\t\t\t<div class=\"slide-content animation  left\" style=\"width: 50%;background-color: rgba(0,0,0,0.2);margin-top: 180px;\">\t\t\t\t\t\n\t\t\t\t\t<h2>AYHAN \u00c7EL\u0130K A.\u015e.<\/h2>\n<h2>Powerful Stuff, Quick Service<\/h2>\n\n\t\t\t\t<\/div>\n\t\t\t<\/div>\n\t\t<\/div>\n\t\t<div class=\"item  alt-style-2 slide-background\" style=\"background-image: url(https:\/\/www.ayhansteel.com\/wp-content\/uploads\/2015\/02\/ayhan-celik-soguk-is-takim-celikleri-kapak2.jpg);background-repeat: no-repeat;background-size: cover;background-position: left top;min-height: 500px;\">\n\t\t\t\n\t\t\t<div class=\"slide-content-wrapper default clearfix\">\n\t\t\t\t<div class=\"slide-content animation  right\" style=\"width: 50%;background-color: rgba(0,0,0,0.2);margin-top: 180px;\">\t\t\t\t\t\n\t\t\t\t\t<h2 style=\"text-align: right;\">AYHAN \u00c7EL\u0130K A.\u015e.<\/h2>\n<h2 style=\"text-align: right;\">Powerful Stuff, Quick Service<\/h2>\n\n\t\t\t\t<\/div>\n\t\t\t<\/div>\n\t\t<\/div>\n\t\t<div class=\"item  alt-style-2 slide-background\" style=\"background-image: url(https:\/\/www.ayhansteel.com\/wp-content\/uploads\/2015\/02\/ayhan-celik-lrs-tuz-banyosu.jpg);background-repeat: no-repeat;background-size: cover;background-position: left top;min-height: 500px;\">\n\t\t\t\n\t\t\t<div class=\"slide-content-wrapper default clearfix\">\n\t\t\t\t<div class=\"slide-content animation  left\" style=\"width: 50%;background-color: rgba(0,0,0,0.2);margin-top: 180px;\">\t\t\t\t\t\n\t\t\t\t\t<h2>AYHAN \u00c7EL\u0130K A.\u015e.<\/h2>\n<h2>Powerful Stuff, Quick Service<\/h2>\n\n\t\t\t\t<\/div>\n\t\t\t<\/div>\n\t\t<\/div>\n\t\t<div class=\"item  alt-style-2 slide-background\" style=\"background-image: url(https:\/\/www.ayhansteel.com\/wp-content\/uploads\/2015\/02\/ayhan-celik-lrs-celik-1.jpg);background-repeat: no-repeat;background-size: cover;background-position: left top;min-height: 500px;\">\n\t\t\t\n\t\t\t<div class=\"slide-content-wrapper default clearfix\">\n\t\t\t\t<div class=\"slide-content animation  left\" style=\"width: 50%;background-color: rgba(0,0,0,0.2);margin-top: 180px;\">\t\t\t\t\t\n\t\t\t\t\t<h2>AYHAN \u00c7EL\u0130K A.\u015e.<\/h2>\n<h2>Powerful Stuff, Quick Service<\/h2>\n\n\t\t\t\t<\/div>\n\t\t\t<\/div>\n\t\t<\/div><\/div>\n<\/div>\n\n\t\t<\/div>\n\t<\/div>\n\n<\/div>\n<\/div>\n\n<div  class=\"content_row row vc_row wpb_row  default-style fullwidth fixed_heights border_grid fixed_heights animate-cols border-bottom\" >\n\t\n\t<div class=\"content_row_wrapper  align-contents content-align-middle default\" style=\"padding-top:45px;padding-bottom:45px;\"><div class=\"vc_col-sm-8 wpb_column vc_column_container\">\n\t\t<div class=\"wpb_wrapper\">\n\t\t\t<div class=\"rt_heading_wrapper \" style=\"padding-bottom:0px;\">\n\t\t\t\t\t\t<h4 class=\"rt_heading  mobile_aligncenter \"  style=\"margin-bottom:0px;\">FOR MORE DETAILED INFORMATION ABOUT OUR MATERIALS, PLEASE REFER TO OUR PRODUCTS.<\/h4>\n\t\t\t\t\t<\/div>\n\t\t<\/div>\n\t<\/div>\n\n\t<div class=\"vc_col-sm-4 wpb_column vc_column_container\">\n\t\t<div class=\"wpb_wrapper\">\n\t\t\t<div class=\"button_wrapper  aligncenter\"><a  href=\"http:\/\/www.ayhansteel.com\/wp-content\/uploads\/ayhansteel-pdf\/ayhan-celik.pdf\" target=\"_blank\" title=\"AYHAN \u00c7EL\u0130K KATALOG\" class=\"button_  heading-font color medium\" style=\"font-size:18px;padding-left:60px;padding-right:60px;\"><span class=\"icon-new-attach-1\"><\/span>CATALOG<\/a><\/div>\n\t\t<\/div>\n\t<\/div>\n<\/div>\n<\/div>\n\n<div  class=\"content_row row vc_row wpb_row  alt-style-1 fullwidth border_grid fixed_heights animate-cols border-bottom\" >\n\t\n\t<div class=\"content_row_wrapper  default\" style=\"padding-top:50px;padding-bottom:50px;\"><div class=\"vc_col-sm-6 wpb_column vc_column_container\">\n\t\t<div class=\"wpb_wrapper\">\n\t\t\t<div id=\"ts-vcsc-iframe-5159058\" class=\"ts-vcsc-iframe-5159058-parent nch-holder  nchgrid-item nchgrid-tile nch-lightbox-iframe  \" style=\"margin-top: 0px; margin-bottom: 0px; width: 100%; height: 100%;\"><a href=\"http:\/\/www.ayhansteel.com\/wp-content\/uploads\/ayhansteel-pdf\/ayhan_steel_video.mp4\" class=\"nch-lightbox-media no-ajaxy\"  data-width=\"100%\"  data-title=\"\" data-type=\"iframe\" rel=\"\" data-effect=\"random\" data-share=\"0\" data-duration=\"5000\" data-color=\"rgba(0, 0, 0, 0)\"><img decoding=\"async\" src=\"https:\/\/www.ayhansteel.com\/wp-content\/uploads\/2015\/02\/ayhan-steel-lucchinirs-logo.png\" title=\"\" style=\"display: block; width: 100%; height: auto;\"><div class=\"nchgrid-caption\"><\/div><\/a><\/div>\n\t\t<\/div>\n\t<\/div>\n\n\t<div class=\"vc_col-sm-6 wpb_column vc_column_container\">\n\t\t<div class=\"wpb_wrapper\">\n\t\t\t<a id=\"ts-vcsc-image-switch-5091272-link\" class=\"ts-imageswitch-link \"  style=\"margin: 0; padding: 0;\" href=\"http:\/\/www.ayhansteel.com\/agirlik-hesaplama\/\" target=\"\" title=\"\" data-random=\"5091272\"><div id=\"ts-vcsc-image-switch-5091272\" data-event=\"link\" data-trigger=\"ts-trigger-hover\" class=\"ts-imageswitch ts-imageswitch-fade ts-trigger-hover ts-imagefloat-center  ts-imageswitch-before   \"  style=\"margin-top: 0px; margin-bottom: 0px; width: 100%;\"><div id=\"ts-vcsc-image-switch-5091272-counter\" class=\"ts-switch-wrapper \" style=\"width: 100%; height: 100%;\"><div style=\"\" data-link=\"ts-vcsc-image-switch-5091272-link\" ><ol class=\"ts-imageswitch-items\" style=\"padding: 0px;\"><li class=\"ts-imageswitch__before active\" style=\"height: 100%;\"><img decoding=\"async\" src=\"https:\/\/www.ayhansteel.com\/wp-content\/uploads\/2017\/03\/ahyan_steel_agirlik_hesaplama_EN_2.png\" data-no-lazy=\"1\" alt=\"ahyan_steel_agirlik_hesaplama_EN_2\" style=\"width: 100%; height: auto;\" data-status=\"Before\"><\/li><li class=\"ts-imageswitch__after\" style=\"\" style=\"height: 100%;\"><img decoding=\"async\" src=\"https:\/\/www.ayhansteel.com\/wp-content\/uploads\/2017\/03\/ahyan_steel_agirlik_hesaplama_EN_1.png\" data-no-lazy=\"1\" alt=\"ahyan_steel_agirlik_hesaplama_EN_1\" style=\"width: 100%; height: auto;\" data-status=\"After\" style=\"\"><\/li><\/ol><\/div><\/div><\/div><\/a>\n\t\t<\/div>\n\t<\/div>\n<\/div>\n<\/div>\n","protected":false},"excerpt":{"rendered":"AYHAN \u00c7EL\u0130K A.\u015e. Powerful Stuff, Quick Service AYHAN \u00c7EL\u0130K A.\u015e. Powerful Stuff, Quick Service AYHAN \u00c7EL\u0130K A.\u015e. Powerful Stuff, Quick Service AYHAN \u00c7EL\u0130K A.\u015e. Powerful Stuff, Quick Service AYHAN \u00c7EL\u0130K A.\u015e. Powerful Stuff, Quick Service AYHAN \u00c7EL\u0130K A.\u015e. Powerful Stuff, Quick Service FOR MORE DETAILED INFORMATION ABOUT OUR MATERIALS, PLEASE REFER TO OUR PRODUCTS. CATALOG","protected":false},"author":1,"featured_media":0,"parent":0,"menu_order":0,"comment_status":"open","ping_status":"open","template":"","meta":{"footnotes":""},"class_list":["post-3232","page","type-page","status-publish","hentry"],"_links":{"self":[{"href":"https:\/\/www.ayhansteel.com\/en\/wp-json\/wp\/v2\/pages\/3232","targetHints":{"allow":["GET"]}}],"collection":[{"href":"https:\/\/www.ayhansteel.com\/en\/wp-json\/wp\/v2\/pages"}],"about":[{"href":"https:\/\/www.ayhansteel.com\/en\/wp-json\/wp\/v2\/types\/page"}],"author":[{"embeddable":true,"href":"https:\/\/www.ayhansteel.com\/en\/wp-json\/wp\/v2\/users\/1"}],"replies":[{"embeddable":true,"href":"https:\/\/www.ayhansteel.com\/en\/wp-json\/wp\/v2\/comments?post=3232"}],"version-history":[{"count":12,"href":"https:\/\/www.ayhansteel.com\/en\/wp-json\/wp\/v2\/pages\/3232\/revisions"}],"predecessor-version":[{"id":3342,"href":"https:\/\/www.ayhansteel.com\/en\/wp-json\/wp\/v2\/pages\/3232\/revisions\/3342"}],"wp:attachment":[{"href":"https:\/\/www.ayhansteel.com\/en\/wp-json\/wp\/v2\/media?parent=3232"}],"curies":[{"name":"wp","href":"https:\/\/api.w.org\/{rel}","templated":true}]}}